{"id":395,"date":"2013-06-30T19:50:26","date_gmt":"2013-06-30T18:50:26","guid":{"rendered":"http:\/\/pansarper.blink.se\/?page_id=395"},"modified":"2013-06-30T19:50:26","modified_gmt":"2013-06-30T18:50:26","slug":"om-bloggen","status":"publish","type":"page","link":"https:\/\/pansarper.blink.se\/?page_id=395","title":{"rendered":"Om bloggen"},"content":{"rendered":"<p>Denna blog \u00e4r till f\u00f6r att motivera mig att bygga f\u00e4rdigt mina plastmodeller.<\/p>\n<p>Anledningen att jag bygger tyska stridsvagnar \u00e4r inte att jag tycker att nazisterna var coola, utan att tyska stridsvagnar var (och \u00e4r) coola. Som synes s\u00e5 bygger jag \u00e4ven neo-imperialistiska amerikanska fordon ocks\u00e5 och \u00e4ven pacifistiskt svenska fordon samt icke-existerande (ELLER???) sci-fi-skapelser.<\/p>\n","protected":false},"excerpt":{"rendered":"<p>Denna blog \u00e4r till f\u00f6r att motivera mig att bygga f\u00e4rdigt mina plastmodeller. Anledningen att jag bygger tyska stridsvagnar \u00e4r inte att jag tycker att nazisterna var coola, utan att tyska stridsvagnar var (och \u00e4r) coola. Som synes s\u00e5 bygger jag \u00e4ven neo-imperialistiska amerikanska fordon ocks\u00e5 och \u00e4ven pacifistiskt svenska fordon samt icke-existerande (ELLER???) sci-fi-skapelser.<\/p>\n","protected":false},"author":2,"featured_media":0,"parent":0,"menu_order":0,"comment_status":"open","ping_status":"open","template":"","meta":{"footnotes":""},"class_list":["post-395","page","type-page","status-publish","hentry"],"_links":{"self":[{"href":"https:\/\/pansarper.blink.se\/index.php?rest_route=\/wp\/v2\/pages\/395","targetHints":{"allow":["GET"]}}],"collection":[{"href":"https:\/\/pansarper.blink.se\/index.php?rest_route=\/wp\/v2\/pages"}],"about":[{"href":"https:\/\/pansarper.blink.se\/index.php?rest_route=\/wp\/v2\/types\/page"}],"author":[{"embeddable":true,"href":"https:\/\/pansarper.blink.se\/index.php?rest_route=\/wp\/v2\/users\/2"}],"replies":[{"embeddable":true,"href":"https:\/\/pansarper.blink.se\/index.php?rest_route=%2Fwp%2Fv2%2Fcomments&post=395"}],"version-history":[{"count":0,"href":"https:\/\/pansarper.blink.se\/index.php?rest_route=\/wp\/v2\/pages\/395\/revisions"}],"wp:attachment":[{"href":"https:\/\/pansarper.blink.se\/index.php?rest_route=%2Fwp%2Fv2%2Fmedia&parent=395"}],"curies":[{"name":"wp","href":"https:\/\/api.w.org\/{rel}","templated":true}]}}