{"id":393,"date":"2013-06-30T19:50:03","date_gmt":"2013-06-30T18:50:03","guid":{"rendered":"http:\/\/pansarper.blink.se\/?page_id=393"},"modified":"2023-08-22T20:31:40","modified_gmt":"2023-08-22T19:31:40","slug":"stashen","status":"publish","type":"page","link":"https:\/\/pansarper.blink.se\/?page_id=393","title":{"rendered":"F\u00e4rdigbyggt"},"content":{"rendered":"<p>H\u00e4r kommer listan \u00f6ver vad som blir f\u00e4rdigt fr\u00e5n och med nu:<\/p>\n<p>KLART:<\/p>\n<ul>\n<li>2011-08-30 &#8211; Lambda Shuttle, Revell 1\/72<\/li>\n<li>2011-08-26 &#8211; M26 Pershing, Tamiya 1\/35<\/li>\n<li>2011-08-16 &#8211; X-Wing, Revell 1\/72<\/li>\n<li>2011-07-15 &#8211; Spitfire mk XIX, Airfix 1\/72<\/li>\n<li>2011-03-24 &#8211; J29 Tunnan, Heller 1\/72<\/li>\n<li>2011-04-30 &#8211; Tiger I middle, Tamiya 1\/35<\/li>\n<li>2011-09-25 &#8211; IDF M51 Super Sherman, Dragon 1\/35<\/li>\n<li>2011-12-23 &#8211; USS Arleigh Burke, Trumpeter 1\/350<\/li>\n<li>2012-03-19 &#8211; Sd Kfz 10\/4 Italeri 1\/35<\/li>\n<li>2012-06-06 &#8211; Jagdtiger, Dragon 1\/35<\/li>\n<li>2012-07-03 &#8211; Tiger I late, Dragon 1\/35<\/li>\n<li>2012-08-03 &#8211; Panzer I, Tristar 1\/35<\/li>\n<li>2012-09-28 &#8211; A-10 Thunderbolt II, Academy 1\/72<\/li>\n<li>2012-12-19 &#8211; Wall with base, Miniart 1\/35<\/li>\n<li>2012-12-19 &#8211; Jagdpanther early, Dragon 1\/35<\/li>\n<li>2013-01-29 &#8211; RQ-4 Global Hawk, Italeri 1\/72<\/li>\n<li>2013-02-09 &#8211; Panzer II, Dragon 1\/35<\/li>\n<li>2013-03-18 &#8211; Panzer 35(t), Tristar 1\/35<\/li>\n<li>2013-04-22 &#8211; JAS 39 Gripen, Italeri 1\/48<\/li>\n<li>2013-06-13 &#8211; Sovremenny Project 956 E Destroyer, Trumpeter 1\/350<\/li>\n<li>2013-06-27 &#8211; Me-262 A1 Schwalbe, Hobbyboss 1\/72<\/li>\n<li>2013-07-20 &#8211; CV9040C Hobbyboss 1\/35<\/li>\n<li>2013-12-08 &#8211; Panzer III ausf N, Tamiya 1\/35<\/li>\n<li>2013-12-21 &#8211; Challenger 2, Tamiya 1\/35<\/li>\n<li>2014-01-09 &#8211; J35 F\/J Draken, Hasegawa 1\/48<\/li>\n<li>2014-02-19 &#8211; M50 Ontos, Academy 1\/35<\/li>\n<li>2014-03-29 &#8211; JAS39 Gripen, Italeri 1\/72<\/li>\n<li>2014-05-10 &#8211; U.S.S Reuben James, Academy 1\/350<\/li>\n<li>2014-07-08 &#8211; F-15 Strike Eagle, Academy 1\/48<\/li>\n<li>2014-08-06 &#8211; Fw 190D9, Tamiya 1\/48<\/li>\n<li>2014-08-26 &#8211; M113, Academy 1\/35<\/li>\n<li>2014-09-13 &#8211; Merkava 3B, Meng 1\/35<\/li>\n<li>2014-12-05 &#8211; Merkava II, Academy 1\/35<\/li>\n<li>2014-12-31 &#8211; Gaz Tiger, Meng 1\/35<\/li>\n<li>2015-04-08 &#8211; JS-3, Tamiya 1\/35<\/li>\n<li>2015-05-12 &#8211; M113 Vietnam, Academy 1\/35<\/li>\n<li>2015-06-15 &#8211; JS-4, Trumpeter 1\/35<\/li>\n<li>2015-06-28 &#8211; USS Independence, Bronco 1\/35<\/li>\n<li>2015-08-28 &#8211; JS-2, Tamiya 1\/35<\/li>\n<li>2015-09-31 &#8211; Panzer 38 (t), Tristar 1\/35<\/li>\n<li>2015-10-31 &#8211; IS-7, Trumpeter 1\/35<\/li>\n<li>2015-12-31 &#8211; M60 Blazer, Academy 1\/35<\/li>\n<li>2016-03-30 &#8211; M113 Zelda, Trumpeter 1\/35<\/li>\n<li>2016-07-04 &#8211; KV-2, Trumpeter 1\/35<\/li>\n<li>2017-01-05 &#8211; FT-17, Meng 1\/35<\/li>\n<li>2017-05-27 &#8211; Buffalo MRAP, Bronco 1\/35<\/li>\n<li>2018-04-15 &#8211; F-4E, Hasegawa 1\/48<\/li>\n<li>2019-01-12 &#8211; Bf-109F4, Hasegawa 1\/48<\/li>\n<li>2019-02-17 &#8211; 2 x Hawker Harrier, Airfix 1\/72<\/li>\n<li>2019-09-02 &#8211; M1114 HMMWV, Bronco 1\/35<\/li>\n<li>2019-10-23 &#8211; F-102 Delta Dagger, MENG 1\/72<\/li>\n<li>2020-05-02 &#8211; FRS 1 Sea Harrier, Kinetic 1\/48<\/li>\n<li>2020-05-13 &#8211; T17E1 Staghound, Bronco 1\/35<\/li>\n<li>2020-06-10 &#8211; Bf-109 K-4, Academy 1\/48<\/li>\n<li>2020-08-26 &#8211; Sho&#8217;t Kal Gimmel 1982, AFV Club 1\/35<\/li>\n<li>2020-11-04 &#8211; Bf-109 F-2, Hasegawa 1\/48<\/li>\n<li>2021-06-05 &#8211; T-55, Tamiya 1\/35<\/li>\n<li>2021-09-11 &#8211; AMX 13\/90, Takom 1\/35<\/li>\n<li>2021-04-10 &#8211; Jeep with TOW, Tamiya 1\/35<\/li>\n<li>2022-03-19 &#8211; T-64 Mod 1972, Trumpeter 1\/35<\/li>\n<li>2022-10-13 &#8211; M48Ae Patton, Tamiya 1\/35<\/li>\n<li>2023-04-20 &#8211; USS Yorktown, Cyber-hobby 1\/350<\/li>\n<li>2023-08-19 &#8211; Bf-109G-6 ERLA, Eduard 1\/48<\/li>\n<\/ul>\n","protected":false},"excerpt":{"rendered":"<p>H\u00e4r kommer listan \u00f6ver vad som blir f\u00e4rdigt fr\u00e5n och med nu: KLART: 2011-08-30 &#8211; Lambda Shuttle, Revell 1\/72 2011-08-26 &#8211; M26 Pershing, Tamiya 1\/35 2011-08-16 &#8211; X-Wing, Revell 1\/72 2011-07-15 &#8211; Spitfire mk XIX, Airfix 1\/72 2011-03-24 &#8211; J29 Tunnan, Heller 1\/72 2011-04-30 &#8211; Tiger I middle, Tamiya 1\/35 2011-09-25 &#8211; IDF M51 Super&#8230; <a class=\"more-link\" href=\"https:\/\/pansarper.blink.se\/?page_id=393\">Continue reading <span class=\"meta-nav\">&#8594;<\/span><\/a><\/p>\n","protected":false},"author":2,"featured_media":0,"parent":0,"menu_order":0,"comment_status":"open","ping_status":"open","template":"","meta":{"footnotes":""},"class_list":["post-393","page","type-page","status-publish","hentry"],"_links":{"self":[{"href":"https:\/\/pansarper.blink.se\/index.php?rest_route=\/wp\/v2\/pages\/393","targetHints":{"allow":["GET"]}}],"collection":[{"href":"https:\/\/pansarper.blink.se\/index.php?rest_route=\/wp\/v2\/pages"}],"about":[{"href":"https:\/\/pansarper.blink.se\/index.php?rest_route=\/wp\/v2\/types\/page"}],"author":[{"embeddable":true,"href":"https:\/\/pansarper.blink.se\/index.php?rest_route=\/wp\/v2\/users\/2"}],"replies":[{"embeddable":true,"href":"https:\/\/pansarper.blink.se\/index.php?rest_route=%2Fwp%2Fv2%2Fcomments&post=393"}],"version-history":[{"count":29,"href":"https:\/\/pansarper.blink.se\/index.php?rest_route=\/wp\/v2\/pages\/393\/revisions"}],"predecessor-version":[{"id":1138,"href":"https:\/\/pansarper.blink.se\/index.php?rest_route=\/wp\/v2\/pages\/393\/revisions\/1138"}],"wp:attachment":[{"href":"https:\/\/pansarper.blink.se\/index.php?rest_route=%2Fwp%2Fv2%2Fmedia&parent=393"}],"curies":[{"name":"wp","href":"https:\/\/api.w.org\/{rel}","templated":true}]}}